{"id":1316,"date":"2019-10-21T19:12:49","date_gmt":"2019-10-21T19:12:49","guid":{"rendered":"https:\/\/babysfirst.gomohealth.care\/not-a-member\/"},"modified":"2019-10-29T15:15:28","modified_gmt":"2019-10-29T15:15:28","slug":"not-a-member","status":"publish","type":"page","link":"https:\/\/babysfirst.gomohealth.care\/es\/not-a-member\/","title":{"rendered":"Not A Member Confirmation"},"content":{"rendered":"<div class=\"fusion-fullwidth fullwidth-box fusion-builder-row-1 nonhundred-percent-fullwidth non-hundred-percent-height-scrolling\" style=\"background-color: rgba(255,255,255,0);background-position: center center;background-repeat: no-repeat;padding-top:0px;padding-right:0px;padding-bottom:0px;padding-left:0px;margin-bottom: 0px;margin-top: 50px;border-width: 0px 0px 0px 0px;border-color:#eae9e9;border-style:solid;\" ><div class=\"fusion-builder-row fusion-row\"><div class=\"fusion-layout-column fusion_builder_column fusion-builder-column-0 fusion_builder_column_1_1 1_1 fusion-one-full fusion-column-first fusion-column-last\" style=\"margin-top:0px;margin-bottom:0px;\"><div class=\"fusion-column-wrapper fusion-flex-column-wrapper-legacy\" style=\"background-position:left top;background-repeat:no-repeat;-webkit-background-size:cover;-moz-background-size:cover;-o-background-size:cover;background-size:cover;padding: 0px 0px 0px 0px;\"><div class=\"fusion-text fusion-text-1\"><h2 style=\"text-align: center;\">Baby&#8217;s First actualmente solo est\u00e1 disponible para los miembros de WellCare Nebraska.<\/h2>\n<p style=\"text-align: center;\">Para obtener m\u00e1s informaci\u00f3n sobre c\u00f3mo convertirse en miembro de WellCare, visite nuestro sitio web <a href=\"https:\/\/www.wellcare.com\/nebraska\" target=\"_blank\" rel=\"noopener noreferrer\">wellcare.com\/nebraska<\/a>.<\/p>\n<\/div><div class=\"fusion-clearfix\"><\/div><\/div><\/div><\/div><\/div>\n","protected":false},"excerpt":{"rendered":"","protected":false},"author":1,"featured_media":0,"parent":0,"menu_order":0,"comment_status":"closed","ping_status":"closed","template":"","meta":[],"yoast_head":"<!-- This site is optimized with the Yoast SEO plugin v19.10 - https:\/\/yoast.com\/wordpress\/plugins\/seo\/ -->\n<title>Gracias por su inter\u00e9s | Baby&#039;s First<\/title>\n<meta name=\"robots\" content=\"index, follow, max-snippet:-1, max-image-preview:large, max-video-preview:-1\" \/>\n<link rel=\"canonical\" href=\"https:\/\/babysfirst.gomohealth.care\/es\/not-a-member\/\" \/>\n<meta property=\"og:locale\" content=\"es_ES\" \/>\n<meta property=\"og:type\" content=\"article\" \/>\n<meta property=\"og:title\" content=\"Gracias por su inter\u00e9s | Baby&#039;s First\" \/>\n<meta property=\"og:url\" content=\"https:\/\/babysfirst.gomohealth.care\/es\/not-a-member\/\" \/>\n<meta property=\"og:site_name\" content=\"WellCare Baby&#039;s First\" \/>\n<meta property=\"article:modified_time\" content=\"2019-10-29T15:15:28+00:00\" \/>\n<meta name=\"twitter:card\" content=\"summary_large_image\" \/>\n<meta name=\"twitter:label1\" content=\"Tiempo de lectura\" \/>\n\t<meta name=\"twitter:data1\" content=\"1 minuto\" \/>\n<script type=\"application\/ld+json\" class=\"yoast-schema-graph\">{\"@context\":\"https:\/\/schema.org\",\"@graph\":[{\"@type\":\"WebPage\",\"@id\":\"https:\/\/babysfirst.gomohealth.care\/es\/not-a-member\/\",\"url\":\"https:\/\/babysfirst.gomohealth.care\/es\/not-a-member\/\",\"name\":\"Gracias por su inter\u00e9s | Baby's First\",\"isPartOf\":{\"@id\":\"https:\/\/babysfirst.gomohealth.care\/#website\"},\"datePublished\":\"2019-10-21T19:12:49+00:00\",\"dateModified\":\"2019-10-29T15:15:28+00:00\",\"breadcrumb\":{\"@id\":\"https:\/\/babysfirst.gomohealth.care\/es\/not-a-member\/#breadcrumb\"},\"inLanguage\":\"es\",\"potentialAction\":[{\"@type\":\"ReadAction\",\"target\":[\"https:\/\/babysfirst.gomohealth.care\/es\/not-a-member\/\"]}]},{\"@type\":\"BreadcrumbList\",\"@id\":\"https:\/\/babysfirst.gomohealth.care\/es\/not-a-member\/#breadcrumb\",\"itemListElement\":[{\"@type\":\"ListItem\",\"position\":1,\"name\":\"Home\",\"item\":\"https:\/\/babysfirst.gomohealth.care\/es\/home\/\"},{\"@type\":\"ListItem\",\"position\":2,\"name\":\"Not A Member Confirmation\"}]},{\"@type\":\"WebSite\",\"@id\":\"https:\/\/babysfirst.gomohealth.care\/#website\",\"url\":\"https:\/\/babysfirst.gomohealth.care\/\",\"name\":\"WellCare Baby&#039;s First\",\"description\":\"Just another GoMo Health Sites site\",\"potentialAction\":[{\"@type\":\"SearchAction\",\"target\":{\"@type\":\"EntryPoint\",\"urlTemplate\":\"https:\/\/babysfirst.gomohealth.care\/?s={search_term_string}\"},\"query-input\":\"required name=search_term_string\"}],\"inLanguage\":\"es\"}]}<\/script>\n<!-- \/ Yoast SEO plugin. -->","yoast_head_json":{"title":"Gracias por su inter\u00e9s | Baby's First","robots":{"index":"index","follow":"follow","max-snippet":"max-snippet:-1","max-image-preview":"max-image-preview:large","max-video-preview":"max-video-preview:-1"},"canonical":"https:\/\/babysfirst.gomohealth.care\/es\/not-a-member\/","og_locale":"es_ES","og_type":"article","og_title":"Gracias por su inter\u00e9s | Baby's First","og_url":"https:\/\/babysfirst.gomohealth.care\/es\/not-a-member\/","og_site_name":"WellCare Baby&#039;s First","article_modified_time":"2019-10-29T15:15:28+00:00","twitter_card":"summary_large_image","twitter_misc":{"Tiempo de lectura":"1 minuto"},"schema":{"@context":"https:\/\/schema.org","@graph":[{"@type":"WebPage","@id":"https:\/\/babysfirst.gomohealth.care\/es\/not-a-member\/","url":"https:\/\/babysfirst.gomohealth.care\/es\/not-a-member\/","name":"Gracias por su inter\u00e9s | Baby's First","isPartOf":{"@id":"https:\/\/babysfirst.gomohealth.care\/#website"},"datePublished":"2019-10-21T19:12:49+00:00","dateModified":"2019-10-29T15:15:28+00:00","breadcrumb":{"@id":"https:\/\/babysfirst.gomohealth.care\/es\/not-a-member\/#breadcrumb"},"inLanguage":"es","potentialAction":[{"@type":"ReadAction","target":["https:\/\/babysfirst.gomohealth.care\/es\/not-a-member\/"]}]},{"@type":"BreadcrumbList","@id":"https:\/\/babysfirst.gomohealth.care\/es\/not-a-member\/#breadcrumb","itemListElement":[{"@type":"ListItem","position":1,"name":"Home","item":"https:\/\/babysfirst.gomohealth.care\/es\/home\/"},{"@type":"ListItem","position":2,"name":"Not A Member Confirmation"}]},{"@type":"WebSite","@id":"https:\/\/babysfirst.gomohealth.care\/#website","url":"https:\/\/babysfirst.gomohealth.care\/","name":"WellCare Baby&#039;s First","description":"Just another GoMo Health Sites site","potentialAction":[{"@type":"SearchAction","target":{"@type":"EntryPoint","urlTemplate":"https:\/\/babysfirst.gomohealth.care\/?s={search_term_string}"},"query-input":"required name=search_term_string"}],"inLanguage":"es"}]}},"_links":{"self":[{"href":"https:\/\/babysfirst.gomohealth.care\/es\/wp-json\/wp\/v2\/pages\/1316"}],"collection":[{"href":"https:\/\/babysfirst.gomohealth.care\/es\/wp-json\/wp\/v2\/pages"}],"about":[{"href":"https:\/\/babysfirst.gomohealth.care\/es\/wp-json\/wp\/v2\/types\/page"}],"author":[{"embeddable":true,"href":"https:\/\/babysfirst.gomohealth.care\/es\/wp-json\/wp\/v2\/users\/1"}],"replies":[{"embeddable":true,"href":"https:\/\/babysfirst.gomohealth.care\/es\/wp-json\/wp\/v2\/comments?post=1316"}],"version-history":[{"count":1,"href":"https:\/\/babysfirst.gomohealth.care\/es\/wp-json\/wp\/v2\/pages\/1316\/revisions"}],"predecessor-version":[{"id":1317,"href":"https:\/\/babysfirst.gomohealth.care\/es\/wp-json\/wp\/v2\/pages\/1316\/revisions\/1317"}],"wp:attachment":[{"href":"https:\/\/babysfirst.gomohealth.care\/es\/wp-json\/wp\/v2\/media?parent=1316"}],"curies":[{"name":"wp","href":"https:\/\/api.w.org\/{rel}","templated":true}]}}