{"id":1227,"date":"2017-09-19T16:04:00","date_gmt":"2017-09-19T16:04:00","guid":{"rendered":"http:\/\/babysfirst.gomohealth.care\/thanks-b\/"},"modified":"2019-02-12T18:59:05","modified_gmt":"2019-02-12T18:59:05","slug":"thanks-b","status":"publish","type":"page","link":"https:\/\/babysfirst.gomohealth.care\/es\/thanks-b\/","title":{"rendered":"\u00a1Gracias por completar las preguntas!"},"content":{"rendered":"<div class=\"fusion-fullwidth fullwidth-box fusion-builder-row-1 nonhundred-percent-fullwidth non-hundred-percent-height-scrolling\" style=\"background-color: rgba(255,255,255,0);background-position: left top;background-repeat: no-repeat;padding-top:20px;padding-right:0px;padding-bottom:20px;padding-left:0px;margin-bottom: 0px;margin-top: 0px;border-width: 0px 0px 0px 0px;border-color:#eae9e9;border-style:solid;\" ><div class=\"fusion-builder-row fusion-row\"><div class=\"fusion-layout-column fusion_builder_column fusion-builder-column-0 fusion_builder_column_1_1 1_1 fusion-one-full fusion-column-first fusion-column-last fusion-column-no-min-height\" style=\"margin-top:0px;margin-bottom:0px;\"><div class=\"fusion-column-wrapper fusion-flex-column-wrapper-legacy\" style=\"background-position:left top;background-repeat:no-repeat;-webkit-background-size:cover;-moz-background-size:cover;-o-background-size:cover;background-size:cover;padding: 0px 0px 0px 0px;\"><div class=\"fusion-text fusion-text-1\"><p style=\"text-align: center;\"><strong>Usted recibir\u00e1<\/strong><strong> de 1 a 6 mensajes \/ semana del n\u00famero 52046 hasta que su beb\u00e9 tenga 15 meses<\/strong>. Las tarifas de mensajes y datos pueden aplicarse de acuerdo con el plan de texto y datos de su operador. Puede darse de baja en cualquier momento al responder <strong>STOP<\/strong> u obtener ayuda del programa respondiendo <strong>HELP<\/strong>. Su informaci\u00f3n no ser\u00e1 vendida ni utilizada por ning\u00fan motivo.<\/p>\n<\/div><div class=\"fusion-clearfix\"><\/div><\/div><\/div><div class=\"fusion-layout-column fusion_builder_column fusion-builder-column-1 fusion_builder_column_1_1 1_1 fusion-one-full fusion-column-first fusion-column-last fusion-column-no-min-height\" style=\"margin-top:0px;margin-bottom:0px;\"><div class=\"fusion-column-wrapper fusion-flex-column-wrapper-legacy\" style=\"background-position:left top;background-repeat:no-repeat;-webkit-background-size:cover;-moz-background-size:cover;-o-background-size:cover;background-size:cover;padding: 0px 0px 0px 0px;\"><style type='text\/css'>.reading-box-container-1 .element-bottomshadow:before,.reading-box-container-1 .element-bottomshadow:after{opacity:0.7;}<\/style><div class=\"fusion-reading-box-container reading-box-container-1\" style=\"margin-top:5px;margin-bottom:5px;\"><div class=\"reading-box\" style=\"background-color:#f6f6f6;border-width:1px;border-color:#f6f6f6;border-left-width:3px;border-left-color:var(--primary_color);border-style:solid;\"><div class=\"reading-box-additional\">Si necesita ayuda con vivienda segura, calefacci\u00f3n, aire acondicionado, agua o asistencia financiera,<strong> llame al <a href=\"tel:8667752192\" rel=\"noopener noreferrer\">866-775-2192<\/a><\/strong>.<\/div><div class=\"fusion-clearfix\"><\/div><\/div><\/div><div class=\"fusion-clearfix\"><\/div><\/div><\/div><\/div><\/div>\n","protected":false},"excerpt":{"rendered":"","protected":false},"author":1,"featured_media":0,"parent":0,"menu_order":0,"comment_status":"closed","ping_status":"closed","template":"","meta":[],"yoast_head":"<!-- This site is optimized with the Yoast SEO plugin v19.10 - https:\/\/yoast.com\/wordpress\/plugins\/seo\/ -->\n<title>\u00a1Gracias por completar las preguntas! | Baby&#039;s First<\/title>\n<meta name=\"description\" content=\"Thank you for completing the questions, you are now a part of the Baby&#039;s First program and will receive 1-6 messages\/week until your baby is 15 months old.\" \/>\n<meta name=\"robots\" content=\"index, follow, max-snippet:-1, max-image-preview:large, max-video-preview:-1\" \/>\n<link rel=\"canonical\" href=\"https:\/\/babysfirst.gomohealth.care\/es\/thanks-b\/\" \/>\n<meta property=\"og:locale\" content=\"es_ES\" \/>\n<meta property=\"og:type\" content=\"article\" \/>\n<meta property=\"og:title\" content=\"\u00a1Gracias por completar las preguntas! | Baby&#039;s First\" \/>\n<meta property=\"og:description\" content=\"Thank you for completing the questions, you are now a part of the Baby&#039;s First program and will receive 1-6 messages\/week until your baby is 15 months old.\" \/>\n<meta property=\"og:url\" content=\"https:\/\/babysfirst.gomohealth.care\/es\/thanks-b\/\" \/>\n<meta property=\"og:site_name\" content=\"WellCare Baby&#039;s First\" \/>\n<meta property=\"article:modified_time\" content=\"2019-02-12T18:59:05+00:00\" \/>\n<meta name=\"twitter:card\" content=\"summary_large_image\" \/>\n<meta name=\"twitter:label1\" content=\"Tiempo de lectura\" \/>\n\t<meta name=\"twitter:data1\" content=\"2 minutos\" \/>\n<script type=\"application\/ld+json\" class=\"yoast-schema-graph\">{\"@context\":\"https:\/\/schema.org\",\"@graph\":[{\"@type\":\"WebPage\",\"@id\":\"https:\/\/babysfirst.gomohealth.care\/es\/thanks-b\/\",\"url\":\"https:\/\/babysfirst.gomohealth.care\/es\/thanks-b\/\",\"name\":\"\u00a1Gracias por completar las preguntas! | Baby's First\",\"isPartOf\":{\"@id\":\"https:\/\/babysfirst.gomohealth.care\/#website\"},\"datePublished\":\"2017-09-19T16:04:00+00:00\",\"dateModified\":\"2019-02-12T18:59:05+00:00\",\"description\":\"Thank you for completing the questions, you are now a part of the Baby's First program and will receive 1-6 messages\/week until your baby is 15 months old.\",\"breadcrumb\":{\"@id\":\"https:\/\/babysfirst.gomohealth.care\/es\/thanks-b\/#breadcrumb\"},\"inLanguage\":\"es\",\"potentialAction\":[{\"@type\":\"ReadAction\",\"target\":[\"https:\/\/babysfirst.gomohealth.care\/es\/thanks-b\/\"]}]},{\"@type\":\"BreadcrumbList\",\"@id\":\"https:\/\/babysfirst.gomohealth.care\/es\/thanks-b\/#breadcrumb\",\"itemListElement\":[{\"@type\":\"ListItem\",\"position\":1,\"name\":\"Home\",\"item\":\"https:\/\/babysfirst.gomohealth.care\/es\/home\/\"},{\"@type\":\"ListItem\",\"position\":2,\"name\":\"\u00a1Gracias por completar las preguntas!\"}]},{\"@type\":\"WebSite\",\"@id\":\"https:\/\/babysfirst.gomohealth.care\/#website\",\"url\":\"https:\/\/babysfirst.gomohealth.care\/\",\"name\":\"WellCare Baby&#039;s First\",\"description\":\"Just another GoMo Health Sites site\",\"potentialAction\":[{\"@type\":\"SearchAction\",\"target\":{\"@type\":\"EntryPoint\",\"urlTemplate\":\"https:\/\/babysfirst.gomohealth.care\/?s={search_term_string}\"},\"query-input\":\"required name=search_term_string\"}],\"inLanguage\":\"es\"}]}<\/script>\n<!-- \/ Yoast SEO plugin. -->","yoast_head_json":{"title":"\u00a1Gracias por completar las preguntas! | Baby's First","description":"Thank you for completing the questions, you are now a part of the Baby's First program and will receive 1-6 messages\/week until your baby is 15 months old.","robots":{"index":"index","follow":"follow","max-snippet":"max-snippet:-1","max-image-preview":"max-image-preview:large","max-video-preview":"max-video-preview:-1"},"canonical":"https:\/\/babysfirst.gomohealth.care\/es\/thanks-b\/","og_locale":"es_ES","og_type":"article","og_title":"\u00a1Gracias por completar las preguntas! | Baby's First","og_description":"Thank you for completing the questions, you are now a part of the Baby's First program and will receive 1-6 messages\/week until your baby is 15 months old.","og_url":"https:\/\/babysfirst.gomohealth.care\/es\/thanks-b\/","og_site_name":"WellCare Baby&#039;s First","article_modified_time":"2019-02-12T18:59:05+00:00","twitter_card":"summary_large_image","twitter_misc":{"Tiempo de lectura":"2 minutos"},"schema":{"@context":"https:\/\/schema.org","@graph":[{"@type":"WebPage","@id":"https:\/\/babysfirst.gomohealth.care\/es\/thanks-b\/","url":"https:\/\/babysfirst.gomohealth.care\/es\/thanks-b\/","name":"\u00a1Gracias por completar las preguntas! | Baby's First","isPartOf":{"@id":"https:\/\/babysfirst.gomohealth.care\/#website"},"datePublished":"2017-09-19T16:04:00+00:00","dateModified":"2019-02-12T18:59:05+00:00","description":"Thank you for completing the questions, you are now a part of the Baby's First program and will receive 1-6 messages\/week until your baby is 15 months old.","breadcrumb":{"@id":"https:\/\/babysfirst.gomohealth.care\/es\/thanks-b\/#breadcrumb"},"inLanguage":"es","potentialAction":[{"@type":"ReadAction","target":["https:\/\/babysfirst.gomohealth.care\/es\/thanks-b\/"]}]},{"@type":"BreadcrumbList","@id":"https:\/\/babysfirst.gomohealth.care\/es\/thanks-b\/#breadcrumb","itemListElement":[{"@type":"ListItem","position":1,"name":"Home","item":"https:\/\/babysfirst.gomohealth.care\/es\/home\/"},{"@type":"ListItem","position":2,"name":"\u00a1Gracias por completar las preguntas!"}]},{"@type":"WebSite","@id":"https:\/\/babysfirst.gomohealth.care\/#website","url":"https:\/\/babysfirst.gomohealth.care\/","name":"WellCare Baby&#039;s First","description":"Just another GoMo Health Sites site","potentialAction":[{"@type":"SearchAction","target":{"@type":"EntryPoint","urlTemplate":"https:\/\/babysfirst.gomohealth.care\/?s={search_term_string}"},"query-input":"required name=search_term_string"}],"inLanguage":"es"}]}},"_links":{"self":[{"href":"https:\/\/babysfirst.gomohealth.care\/es\/wp-json\/wp\/v2\/pages\/1227"}],"collection":[{"href":"https:\/\/babysfirst.gomohealth.care\/es\/wp-json\/wp\/v2\/pages"}],"about":[{"href":"https:\/\/babysfirst.gomohealth.care\/es\/wp-json\/wp\/v2\/types\/page"}],"author":[{"embeddable":true,"href":"https:\/\/babysfirst.gomohealth.care\/es\/wp-json\/wp\/v2\/users\/1"}],"replies":[{"embeddable":true,"href":"https:\/\/babysfirst.gomohealth.care\/es\/wp-json\/wp\/v2\/comments?post=1227"}],"version-history":[{"count":5,"href":"https:\/\/babysfirst.gomohealth.care\/es\/wp-json\/wp\/v2\/pages\/1227\/revisions"}],"predecessor-version":[{"id":1272,"href":"https:\/\/babysfirst.gomohealth.care\/es\/wp-json\/wp\/v2\/pages\/1227\/revisions\/1272"}],"wp:attachment":[{"href":"https:\/\/babysfirst.gomohealth.care\/es\/wp-json\/wp\/v2\/media?parent=1227"}],"curies":[{"name":"wp","href":"https:\/\/api.w.org\/{rel}","templated":true}]}}